
{"id":25446,"date":"2016-01-03T22:26:48","date_gmt":"2016-01-03T22:26:48","guid":{"rendered":"https:\/\/skidasvaedi.is\/information\/price-list\/"},"modified":"2026-01-10T14:16:56","modified_gmt":"2026-01-10T14:16:56","slug":"price-list","status":"publish","type":"page","link":"https:\/\/skidasvaedi.is\/en\/information\/price-list\/","title":{"rendered":"Price List"},"content":{"rendered":"[vc_row type=&#8221;in_container&#8221; full_screen_row_position=&#8221;middle&#8221; column_margin=&#8221;default&#8221; column_direction=&#8221;default&#8221; column_direction_tablet=&#8221;default&#8221; column_direction_phone=&#8221;default&#8221; scene_position=&#8221;center&#8221; text_color=&#8221;dark&#8221; text_align=&#8221;left&#8221; row_border_radius=&#8221;none&#8221; row_border_radius_applies=&#8221;bg&#8221; overflow=&#8221;visible&#8221; overlay_strength=&#8221;0.3&#8243; gradient_direction=&#8221;left_to_right&#8221; shape_divider_position=&#8221;bottom&#8221; bg_image_animation=&#8221;none&#8221;][vc_column column_padding=&#8221;no-extra-padding&#8221; column_padding_tablet=&#8221;inherit&#8221; column_padding_phone=&#8221;inherit&#8221; column_padding_position=&#8221;all&#8221; column_element_direction_desktop=&#8221;default&#8221; column_element_spacing=&#8221;default&#8221; desktop_text_alignment=&#8221;default&#8221; tablet_text_alignment=&#8221;default&#8221; phone_text_alignment=&#8221;default&#8221; background_color_opacity=&#8221;1&#8243; background_hover_color_opacity=&#8221;1&#8243; column_backdrop_filter=&#8221;none&#8221; column_shadow=&#8221;none&#8221; column_border_radius=&#8221;none&#8221; column_link_target=&#8221;_self&#8221; column_position=&#8221;default&#8221; gradient_direction=&#8221;left_to_right&#8221; overlay_strength=&#8221;0.3&#8243; width=&#8221;1\/1&#8243; tablet_width_inherit=&#8221;default&#8221; animation_type=&#8221;default&#8221; bg_image_animation=&#8221;none&#8221; border_type=&#8221;simple&#8221; column_border_width=&#8221;none&#8221; column_border_style=&#8221;solid&#8221;][vc_column_text css=&#8221;&#8221; text_direction=&#8221;default&#8221;]\n<div class=\"ski-attention\">\n<p><strong>Please note the following:<\/strong><\/p>\n<p>The simplest option is to have a hard card and load it before arriving at Bl\u00e1fj\u00f6ll.<\/p>\n<p><a style=\"color: white; text-decoration: underline;\" href=\"https:\/\/blafjoll.skiperformance.com\/is\/store#\/is\/buy?skugroup_id=740\">Click here if you have a hard card<\/a>.<\/p>\n<p>These cards cost 1,660 ISK and are reusable. They are available at Ol\u00eds Nor\u00f0lingaholt and several N1 stations: \u00c1rt\u00fansh\u00f6f\u00f0i, L\u00e6kjargata Hafnarfj\u00f6r\u00f0ur, N1 H\u00e1holt in Mosfellsb\u00e6r, and Hverager\u00f0i.  <\/p>\n<p>Hard cards and reloads can be purchased at N1 \u00c1rt\u00fansh\u00f6f\u00f0i, Hafnarfj\u00f6r\u00f0ur, and Mosfellsb\u00e6r, with options for 2-hour, 3-hour, or day passes.<\/p>\n<p>Cards and reloads can also be purchased at the Bl\u00e1fj\u00f6ll lodge upon arrival, but there may be queues at the ticket office.<\/p>\n<p>Each season pass is assigned to one person. It is not permitted to share season passes between people, nor can children give their day passes to their parents or vice versa. Staff regularly check cards in the area. Card misuse will result in card deactivation.   <\/p>\n<p>Winter passes are non-refundable, even during seasons unfavorable for winter sports or closures due to epidemics, etc.<br \/>The main reason for the pre-New Year&#8217;s discount on winter passes is that guests assume the risk of an unpredictable winter season, which is rewarded with a discount.<\/p>\n<p>Cards starting with number 08- are unfortunately obsolete and can no longer be reloaded. Customers need to purchase a new card to use the lifts. <\/p>\n<\/div>\n[\/vc_column_text][\/vc_column][\/vc_row][vc_row type=&#8221;in_container&#8221; full_screen_row_position=&#8221;middle&#8221; column_margin=&#8221;default&#8221; column_direction=&#8221;default&#8221; column_direction_tablet=&#8221;default&#8221; column_direction_phone=&#8221;default&#8221; scene_position=&#8221;center&#8221; text_color=&#8221;dark&#8221; text_align=&#8221;left&#8221; row_border_radius=&#8221;none&#8221; row_border_radius_applies=&#8221;bg&#8221; overflow=&#8221;visible&#8221; overlay_strength=&#8221;0.3&#8243; gradient_direction=&#8221;left_to_right&#8221; shape_divider_position=&#8221;bottom&#8221; bg_image_animation=&#8221;none&#8221;][vc_column column_padding=&#8221;no-extra-padding&#8221; column_padding_tablet=&#8221;inherit&#8221; column_padding_phone=&#8221;inherit&#8221; column_padding_position=&#8221;all&#8221; column_element_direction_desktop=&#8221;default&#8221; column_element_spacing=&#8221;default&#8221; desktop_text_alignment=&#8221;default&#8221; tablet_text_alignment=&#8221;default&#8221; phone_text_alignment=&#8221;default&#8221; background_color_opacity=&#8221;1&#8243; background_hover_color_opacity=&#8221;1&#8243; column_backdrop_filter=&#8221;none&#8221; column_shadow=&#8221;none&#8221; column_border_radius=&#8221;none&#8221; column_link_target=&#8221;_self&#8221; column_position=&#8221;default&#8221; gradient_direction=&#8221;left_to_right&#8221; overlay_strength=&#8221;0.3&#8243; width=&#8221;1\/1&#8243; tablet_width_inherit=&#8221;default&#8221; animation_type=&#8221;default&#8221; bg_image_animation=&#8221;none&#8221; border_type=&#8221;simple&#8221; column_border_width=&#8221;none&#8221; column_border_style=&#8221;solid&#8221;][vc_column_text css=&#8221;&#8221; text_direction=&#8221;default&#8221;]\n<h3>Price List Winter 2025 &#8211; 2026<\/h3>\n<p>* Hard card is not included in the prices below.<\/p>\n<div class=\"table-div\">\n<table style=\"height: 764px;\" width=\"1267\">\n<tbody>\n<tr class=\"small-padding\">\n<td width=\"224\"><\/td>\n<td width=\"141\">\n<p><strong>Adults<\/strong><\/p>\n<p>18 years and older<br \/>Birth year 2008-1960<\/td>\n<td width=\"141\">\n<p><strong>Children<\/strong><\/p>\n<p>6-17 years<br \/>Birth year 2009-2020<\/td>\n<td width=\"141\">\n<p><strong>Children under 5<\/strong><\/p>\n<p>0-5 years<br \/>Birth year 2021 and later<\/td>\n<td width=\"141\">\n<p><strong>Senior Citizens<\/strong><\/p>\n<p>67 years and older<br \/>Birth year 1959 and earlier<\/td>\n<td width=\"141\">\n<p><strong>Disabled<\/strong><\/p>\n<p>&nbsp;<\/p>\n<p>&nbsp;<\/td>\n<\/tr>\n<tr>\n<td><strong>Day pass<\/strong><\/td>\n<td>6,370 kr.<\/td>\n<td>1,420 kr.<\/td>\n<td>Free<\/td>\n<td>6,370 kr.<\/td>\n<td>Free<\/td>\n<\/tr>\n<tr>\n<td><\/td>\n<td><\/td>\n<td><\/td>\n<td><\/td>\n<td><\/td>\n<td><\/td>\n<\/tr>\n<tr>\n<td><strong>2 hours<\/strong><\/td>\n<td>4,100 kr.<\/td>\n<td>830 kr.<\/td>\n<td>Free<\/td>\n<td>4,100 kr.<\/td>\n<td>Free<\/td>\n<\/tr>\n<tr>\n<td><strong>3 hours <\/strong><\/td>\n<td>4,800 kr.<\/td>\n<td>900 kr.<\/td>\n<td>Free<\/td>\n<td>4,800 kr.<\/td>\n<td>Free<\/td>\n<\/tr>\n<tr class=\"small-padding\">\n<td><\/td>\n<td><\/td>\n<td><\/td>\n<td><\/td>\n<td><\/td>\n<td><\/td>\n<\/tr>\n<tr>\n<td><\/td>\n<td><\/td>\n<td><\/td>\n<td><\/td>\n<td><\/td>\n<td><\/td>\n<\/tr>\n<tr>\n<td><strong>3 days *<sup>(1)<\/sup><\/strong><\/td>\n<td>16,200 kr.<\/td>\n<td>3,600 kr.<\/td>\n<td>Free<\/td>\n<td>16,200 kr.<\/td>\n<td>Free<\/td>\n<\/tr>\n<tr class=\"small-padding\">\n<td><\/td>\n<td><\/td>\n<td><\/td>\n<td><\/td>\n<td><\/td>\n<td><\/td>\n<\/tr>\n<tr>\n<td style=\"text-align: left;\"><strong>Beginner lifts 1 day adults <\/strong><strong>*<sup>(2)<\/sup><\/strong><\/td>\n<td>1,830 kr.<\/td>\n<td><\/td>\n<td><\/td>\n<td>1,830 kr.<\/td>\n<td><\/td>\n<\/tr>\n<tr class=\"small-padding\">\n<td><\/td>\n<td><\/td>\n<td><\/td>\n<td><\/td>\n<td><\/td>\n<td><\/td>\n<\/tr>\n<tr>\n<td><strong>Season pass offer until New Year *<sup>(3)<\/sup><\/strong><\/td>\n<td>48,000 kr.<\/td>\n<td rowspan=\"2\">\n<p>10,000 kr.<\/p>\n<p>&nbsp;<\/p>\n<p>12,600 kr.<\/td>\n<td rowspan=\"2\">\n<p>Free<\/p>\n<p>&nbsp;<\/p>\n<p>Free<\/td>\n<td rowspan=\"2\">\n<p>33,150 kr.<\/p>\n<p>&nbsp;<\/p>\n<p>38,700 kr.<\/td>\n<td rowspan=\"2\">\n<p>Free<\/p>\n<p>&nbsp;<\/p>\n<p>Free<\/td>\n<\/tr>\n<tr>\n<td><strong>Winter pass after New Year<\/strong><\/td>\n<td>55,300 kr.<\/td>\n<\/tr>\n<tr class=\"small-padding\">\n<td><\/td>\n<td><\/td>\n<td><\/td>\n<td><\/td>\n<td><\/td>\n<td><\/td>\n<\/tr>\n<tr>\n<td><strong>Season pass-cross country skiing<\/strong><\/td>\n<td>19,850 kr.<\/td>\n<td> Free<\/td>\n<td> Free<\/td>\n<td>13,440 kr.<\/td>\n<td>Free<\/td>\n<\/tr>\n<tr>\n<td>Season pass-cross country skiing offer until New Year<\/td>\n<td> 16,900 kr.<\/td>\n<td> Free<\/td>\n<td> Free<\/td>\n<td>11,440 kr.<\/td>\n<td>Free<\/td>\n<\/tr>\n<tr>\n<td><strong>Day pass-cross country skiing<\/strong><\/td>\n<td> 1,770 kr.<\/td>\n<td> Free<\/td>\n<td> Free<\/td>\n<td> 1,770 kr.<\/td>\n<td>Free<\/td>\n<\/tr>\n<tr>\n<td><\/td>\n<td><\/td>\n<td><\/td>\n<td><\/td>\n<td><\/td>\n<td><\/td>\n<\/tr>\n<tr>\n<td>\n<p> <strong>Hard card<\/strong><\/p>\n<p>&nbsp;<\/td>\n<td>\n<p>1,660 kr.<\/p>\n<p>&nbsp;<\/td>\n<td>\n<p> 1,660 kr.<\/p>\n<p>&nbsp;<\/td>\n<td>\n<p> 1,660 kr.<\/p>\n<p>&nbsp;<\/td>\n<td>\n<p> 1,660 kr.<\/p>\n<p>&nbsp;<\/td>\n<td>\n<p>1,660 kr.<\/p>\n<p>&nbsp;<\/td>\n<\/tr>\n<tr>\n<td><strong>Hard card refund <\/strong><\/td>\n<td> 810 kr.<\/td>\n<td> 810 kr.<\/td>\n<td> 810 kr.<\/td>\n<td> 810 kr.<\/td>\n<td>810 kr.<\/td>\n<\/tr>\n<\/tbody>\n<\/table>\n<\/div>\n<p><small><strong>*<sup>(1)<\/sup> <\/strong> Day passes can be used on any days in the mountains, consecutive days not required.<br \/><strong>*<sup>(2)<\/sup> <\/strong> Adults who only plan to use beginner lifts in Bl\u00e1fj\u00f6ll. The beginner lifts are Amma m\u00fas, H\u00e9rastubbur, and Korm\u00e1kur afi <br \/><strong>*<sup>(3)<\/sup> <\/strong> A season pass for ski lifts also serves as a season pass for the cross-country skiing area.<br \/><strong>*<sup>(4)<\/sup> <\/strong> Children born in 2020 and later and disabled persons get free access to the Ski Areas but still need a \u201chard card\u201d like everyone else.<\/small>[\/vc_column_text][\/vc_column][\/vc_row]\n","protected":false},"excerpt":{"rendered":"<p>[vc_row type=&#8221;in_container&#8221; full_screen_row_position=&#8221;middle&#8221; column_margin=&#8221;default&#8221; column_direction=&#8221;default&#8221; column_direction_tablet=&#8221;default&#8221; column_direction_phone=&#8221;default&#8221; scene_position=&#8221;center&#8221; text_color=&#8221;dark&#8221; text_align=&#8221;left&#8221; row_border_radius=&#8221;none&#8221; row_border_radius_applies=&#8221;bg&#8221; overflow=&#8221;visible&#8221; overlay_strength=&#8221;0.3&#8243; gradient_direction=&#8221;left_to_right&#8221; shape_divider_position=&#8221;bottom&#8221; bg_image_animation=&#8221;none&#8221;][vc_column column_padding=&#8221;no-extra-padding&#8221; column_padding_tablet=&#8221;inherit&#8221; column_padding_phone=&#8221;inherit&#8221; column_padding_position=&#8221;all&#8221; column_element_direction_desktop=&#8221;default&#8221; column_element_spacing=&#8221;default&#8221; desktop_text_alignment=&#8221;default&#8221; tablet_text_alignment=&#8221;default&#8221; phone_text_alignment=&#8221;default&#8221; background_color_opacity=&#8221;1&#8243; background_hover_color_opacity=&#8221;1&#8243; column_backdrop_filter=&#8221;none&#8221; column_shadow=&#8221;none&#8221;&#8230;<\/p>\n","protected":false},"author":2,"featured_media":0,"parent":25445,"menu_order":0,"comment_status":"closed","ping_status":"closed","template":"","meta":{"footnotes":""},"class_list":["post-25446","page","type-page","status-publish"],"_links":{"self":[{"href":"https:\/\/skidasvaedi.is\/en\/wp-json\/wp\/v2\/pages\/25446","targetHints":{"allow":["GET"]}}],"collection":[{"href":"https:\/\/skidasvaedi.is\/en\/wp-json\/wp\/v2\/pages"}],"about":[{"href":"https:\/\/skidasvaedi.is\/en\/wp-json\/wp\/v2\/types\/page"}],"author":[{"embeddable":true,"href":"https:\/\/skidasvaedi.is\/en\/wp-json\/wp\/v2\/users\/2"}],"replies":[{"embeddable":true,"href":"https:\/\/skidasvaedi.is\/en\/wp-json\/wp\/v2\/comments?post=25446"}],"version-history":[{"count":12,"href":"https:\/\/skidasvaedi.is\/en\/wp-json\/wp\/v2\/pages\/25446\/revisions"}],"predecessor-version":[{"id":28387,"href":"https:\/\/skidasvaedi.is\/en\/wp-json\/wp\/v2\/pages\/25446\/revisions\/28387"}],"up":[{"embeddable":true,"href":"https:\/\/skidasvaedi.is\/en\/wp-json\/wp\/v2\/pages\/25445"}],"wp:attachment":[{"href":"https:\/\/skidasvaedi.is\/en\/wp-json\/wp\/v2\/media?parent=25446"}],"curies":[{"name":"wp","href":"https:\/\/api.w.org\/{rel}","templated":true}]}}