
{"id":25449,"date":"2016-01-04T00:35:43","date_gmt":"2016-01-04T00:35:43","guid":{"rendered":"https:\/\/skidasvaedi.is\/blafjoll\/bus-schedule\/"},"modified":"2025-08-14T11:19:38","modified_gmt":"2025-08-14T11:19:38","slug":"bus-schedule","status":"publish","type":"page","link":"https:\/\/skidasvaedi.is\/en\/blafjoll\/bus-schedule\/","title":{"rendered":"Bus Schedule"},"content":{"rendered":"[vc_row][vc_column width=&#8221;1\/2&#8243;][vc_column_text css=&#8221;&#8221;]\n<h2>Weekdays<\/h2>\n<table style=\"height: 185px;\" width=\"314\">\n<tbody>\n<tr>\n<td width=\"121\"><strong>Departure point<\/strong><\/td>\n<td width=\"39\"><strong>Time <\/strong><\/td>\n<td width=\"89\"><strong>Destination<\/strong><\/td>\n<\/tr>\n<tr>\n<td>Fj\u00f6r\u00f0ur Hafnarfj\u00f6r\u00f0ur<\/td>\n<td>15:30<\/td>\n<td>Blue Mountains<\/td>\n<\/tr>\n<tr>\n<td>\u00c1sgar\u00f0ur Gar\u00f0ab\u00e6r<\/td>\n<td>15:45<\/td>\n<td>Blue Mountains<\/td>\n<\/tr>\n<tr>\n<td>N1 Hringbraut<\/td>\n<td>15:50<\/td>\n<td>Blue Mountains<\/td>\n<\/tr>\n<tr>\n<td>Ol\u00eds Mj\u00f3dd<\/td>\n<td>16:10<\/td>\n<td>Blue Mountains<\/td>\n<\/tr>\n<tr>\n<td>Ol\u00eds Nor\u00f0lingaholt<\/td>\n<td>16:30<\/td>\n<td>Blue Mountains<\/td>\n<\/tr>\n<tr>\n<td>Blue Mountains<\/td>\n<td>21:05<\/td>\n<td>Reykjav\u00edk<\/td>\n<\/tr>\n<\/tbody>\n<\/table>\n<p>To Blue Mountains: 2 buses start the route, one from Reykjav\u00edk and the other from Hafnarfj\u00f6r\u00f0ur. They merge at Ol\u00eds Nor\u00f0lingaholt.<br \/>\nFrom Blue Mountains: On its way from the mountains, the bus follows this route: Nor\u00f0lingaholt, Mj\u00f3dd, Fj\u00f6r\u00f0ur, \u00c1sgar\u00f0ur, N1 Hringbraut[\/vc_column_text][\/vc_column][vc_column width=&#8221;1\/2&#8243;][vc_column_text css=&#8221;&#8221;]\n<h2>Weekends<\/h2>\n<table width=\"249\">\n<tbody>\n<tr>\n<td width=\"121\"><strong>Departure point<\/strong><\/td>\n<td width=\"39\"><strong>Time <\/strong><\/td>\n<td width=\"89\"><strong>Destination<\/strong><\/td>\n<\/tr>\n<tr>\n<td>Fj\u00f6r\u00f0ur Hafnarfj\u00f6r\u00f0ur<\/td>\n<td>12:00<\/td>\n<td>Blue Mountains<\/td>\n<\/tr>\n<tr>\n<td>\u00c1sgar\u00f0ur Gar\u00f0ab\u00e6r<\/td>\n<td>12:20<\/td>\n<td>Blue Mountains<\/td>\n<\/tr>\n<tr>\n<td>N1 Hringbraut<\/td>\n<td>12:20<\/td>\n<td>Blue Mountains<\/td>\n<\/tr>\n<tr>\n<td>Ol\u00eds Mj\u00f3dd<\/td>\n<td>12:40<\/td>\n<td>Blue Mountains<\/td>\n<\/tr>\n<tr>\n<td>Ol\u00eds Nor\u00f0lingaholt<\/td>\n<td>12:50<\/td>\n<td>Blue Mountains<\/td>\n<\/tr>\n<tr>\n<td>Blue Mountains<\/td>\n<td>17:05<\/td>\n<td>Reykjav\u00edk<\/td>\n<\/tr>\n<\/tbody>\n<\/table>\n<p>To Blue Mountains: 2 buses start the route, one from Reykjav\u00edk and the other from Hafnarfj\u00f6r\u00f0ur. They merge at Ol\u00eds Nor\u00f0lingaholt.<br \/>\nFrom Blue Mountains: On its way from the mountains, the bus follows this route: Nor\u00f0lingaholt, Mj\u00f3dd, Fj\u00f6r\u00f0ur, \u00c1sgar\u00f0ur, N1 Hringbraut[\/vc_column_text][\/vc_column][\/vc_row][vc_row][vc_column width=&#8221;1\/2&#8243;][vc_column_text css=&#8221;&#8221;]\n<h2>Price List<\/h2>\n<p><strong>Tickets are sold on the bus, payment accepted by card or cash.<\/strong><\/p>\n<table width=\"249\">\n<tbody>\n<tr>\n<th>Round trip<\/th>\n<td>2,000 ISK<\/td>\n<\/tr>\n<tr>\n<th>One way (return)<\/th>\n<td>2,000 ISK<\/td>\n<\/tr>\n<tr>\n<th><\/th>\n<td><\/td>\n<\/tr>\n<\/tbody>\n<\/table>\n[\/vc_column_text][\/vc_column][vc_column width=&#8221;1\/2&#8243;][\/vc_column][\/vc_row][vc_row][vc_column][vc_column_text]\n<p>There is no minimum passenger requirement for buses.<\/p>\n<p>Special trips are available at other times. For information call 515 2700.<\/p>\n<p><strong>We take no responsibility for boards\/skis or other items. Please secure items properly in luggage compartments.<\/strong><\/p>\n[\/vc_column_text][\/vc_column][\/vc_row]\n","protected":false},"excerpt":{"rendered":"<p>[vc_row][vc_column width=&#8221;1\/2&#8243;][vc_column_text css=&#8221;&#8221;] Weekdays Departure point Time Destination Fj\u00f6r\u00f0ur Hafnarfj\u00f6r\u00f0ur 15:30 Blue Mountains \u00c1sgar\u00f0ur Gar\u00f0ab\u00e6r 15:45 Blue Mountains N1 Hringbraut 15:50 Blue Mountains Ol\u00eds Mj\u00f3dd 16:10 Blue Mountains Ol\u00eds Nor\u00f0lingaholt&#8230;<\/p>\n","protected":false},"author":2,"featured_media":0,"parent":25436,"menu_order":2,"comment_status":"closed","ping_status":"closed","template":"","meta":{"footnotes":""},"class_list":["post-25449","page","type-page","status-publish"],"_links":{"self":[{"href":"https:\/\/skidasvaedi.is\/en\/wp-json\/wp\/v2\/pages\/25449","targetHints":{"allow":["GET"]}}],"collection":[{"href":"https:\/\/skidasvaedi.is\/en\/wp-json\/wp\/v2\/pages"}],"about":[{"href":"https:\/\/skidasvaedi.is\/en\/wp-json\/wp\/v2\/types\/page"}],"author":[{"embeddable":true,"href":"https:\/\/skidasvaedi.is\/en\/wp-json\/wp\/v2\/users\/2"}],"replies":[{"embeddable":true,"href":"https:\/\/skidasvaedi.is\/en\/wp-json\/wp\/v2\/comments?post=25449"}],"version-history":[{"count":2,"href":"https:\/\/skidasvaedi.is\/en\/wp-json\/wp\/v2\/pages\/25449\/revisions"}],"predecessor-version":[{"id":25451,"href":"https:\/\/skidasvaedi.is\/en\/wp-json\/wp\/v2\/pages\/25449\/revisions\/25451"}],"up":[{"embeddable":true,"href":"https:\/\/skidasvaedi.is\/en\/wp-json\/wp\/v2\/pages\/25436"}],"wp:attachment":[{"href":"https:\/\/skidasvaedi.is\/en\/wp-json\/wp\/v2\/media?parent=25449"}],"curies":[{"name":"wp","href":"https:\/\/api.w.org\/{rel}","templated":true}]}}