
{"id":27694,"date":"2016-01-04T01:28:54","date_gmt":"2016-01-04T01:28:54","guid":{"rendered":"https:\/\/skidasvaedi.is\/blafjoll\/ski-and-snowboard-rental\/"},"modified":"2026-02-28T16:25:44","modified_gmt":"2026-02-28T16:25:44","slug":"ski-and-snowboard-rental","status":"publish","type":"page","link":"https:\/\/skidasvaedi.is\/en\/blafjoll\/ski-and-snowboard-rental\/","title":{"rendered":"Ski and Snowboard Rental"},"content":{"rendered":"[vc_row type=&#8221;in_container&#8221; full_screen_row_position=&#8221;middle&#8221; column_margin=&#8221;default&#8221; column_direction=&#8221;default&#8221; column_direction_tablet=&#8221;default&#8221; column_direction_phone=&#8221;default&#8221; scene_position=&#8221;center&#8221; text_color=&#8221;dark&#8221; text_align=&#8221;left&#8221; row_border_radius=&#8221;none&#8221; row_border_radius_applies=&#8221;bg&#8221; overflow=&#8221;visible&#8221; overlay_strength=&#8221;0.3&#8243; gradient_direction=&#8221;left_to_right&#8221; shape_divider_position=&#8221;bottom&#8221; bg_image_animation=&#8221;none&#8221;][vc_column column_padding=&#8221;no-extra-padding&#8221; column_padding_tablet=&#8221;inherit&#8221; column_padding_phone=&#8221;inherit&#8221; column_padding_position=&#8221;all&#8221; column_element_direction_desktop=&#8221;default&#8221; column_element_spacing=&#8221;default&#8221; desktop_text_alignment=&#8221;default&#8221; tablet_text_alignment=&#8221;default&#8221; phone_text_alignment=&#8221;default&#8221; background_color_opacity=&#8221;1&#8243; background_hover_color_opacity=&#8221;1&#8243; column_backdrop_filter=&#8221;none&#8221; column_shadow=&#8221;none&#8221; column_border_radius=&#8221;none&#8221; column_link_target=&#8221;_self&#8221; column_position=&#8221;default&#8221; gradient_direction=&#8221;left_to_right&#8221; overlay_strength=&#8221;0.3&#8243; width=&#8221;1\/2&#8243; tablet_width_inherit=&#8221;default&#8221; animation_type=&#8221;default&#8221; bg_image_animation=&#8221;none&#8221; border_type=&#8221;simple&#8221; column_border_width=&#8221;none&#8221; column_border_style=&#8221;solid&#8221;][vc_column_text css=&#8221;&#8221; text_direction=&#8221;default&#8221;]Bl\u00e1fj\u00f6ll operates a ski rental facility with top-quality equipment.<\/p>\n<p>Alpine skis, snowboards, and cross-country skis are available.<\/p>\n<p>At Bl\u00e1fj\u00f6ll, the rental facility is located in the basement of Bl\u00e1fjallask\u00e1li.<\/p>\n<p><strong>Opening hours are the same as the slopes<\/strong><\/p>\n<p>When arriving at the rental facility, you must first register everyone who will be renting equipment.<\/p>\n<p>You can speed up the process by having already registered all information here, but you have NOT reserved any equipment yet:<\/p>\n<p><a class=\"skibtn\" href=\"https:\/\/skipline.me\/skidasvaedi-checkin\">Ski Rental Registration<\/a><\/p>\n<p>Welcome![\/vc_column_text][vc_raw_html]PGJsb2NrcXVvdGUgY2xhc3M9Imluc3RhZ3JhbS1tZWRpYSIgZGF0YS1pbnN0Z3JtLXBlcm1hbGluaz0iaHR0cHM6Ly93d3cuaW5zdGFncmFtLmNvbS9yZWVsL0NsOGhMbFhvbThZLz91dG1fc291cmNlPWlnX2VtYmVkJmFtcDt1dG1fY2FtcGFpZ249bG9hZGluZyIgZGF0YS1pbnN0Z3JtLXZlcnNpb249IjE0IiBzdHlsZT0iICBiYWNrZ3JvdW5kOiNGRkY7IGJvcmRlcjowOyBib3JkZXItcmFkaXVzOjNweDsgYm94LXNoYWRvdzowIDAgMXB4IDAgcmdiYSgwLDAsMCwwLjUpLDAgMXB4IDEwcHggMCByZ2JhKDAsMCwwLDAuMTUpOyBtYXJnaW46IDFweDsgbWF4LXdpZHRoOjU0MHB4OyBtaW4td2lkdGg6MzI2cHg7IHBhZGRpbmc6MDsgd2lkdGg6OTkuMzc1JTsgd2lkdGg6LXdlYmtpdC1jYWxjKDEwMCUgLSAycHgpOyB3aWR0aDpjYWxjKDEwMCUgLSAycHgpOyI+PGRpdiBzdHlsZT0icGFkZGluZzoxNnB4OyI+IDxhIGhyZWY9Imh0dHBzOi8vd3d3Lmluc3RhZ3JhbS5jb20vcmVlbC9DbDhoTGxYb204WS8\/dXRtX3NvdXJjZT1pZ19lbWJlZCZhbXA7dXRtX2NhbXBhaWduPWxvYWRpbmciIHN0eWxlPSIgIGJhY2tncm91bmQ6I0ZGRkZGRjsgbGluZS1oZWlnaHQ6MDsgcGFkZGluZzowIDA7IHRleHQtYWxpZ246Y2VudGVyOyB0ZXh0LWRlY29yYXRpb246bm9uZTsgd2lkdGg6MTAwJTsiIHRhcmdldD0iX2JsYW5rIj4gPGRpdiBzdHlsZT0iICBkaXNwbGF5OiBmbGV4OyBmbGV4LWRpcmVjdGlvbjogcm93OyBhbGlnbi1pdGVtczogY2VudGVyOyI+IDxkaXYgc3R5bGU9ImJhY2tncm91bmQtY29sb3I6ICNGNEY0RjQ7IGJvcmRlci1yYWRpdXM6IDUwJTsgZmxleC1ncm93OiAwOyBoZWlnaHQ6IDQwcHg7IG1hcmdpbi1yaWdodDogMTRweDsgd2lkdGg6IDQwcHg7Ij48L2Rpdj4gPGRpdiBzdHlsZT0iZGlzcGxheTogZmxleDsgZmxleC1kaXJlY3Rpb246IGNvbHVtbjsgZmxleC1ncm93OiAxOyBqdXN0aWZ5LWNvbnRlbnQ6IGNlbnRlcjsiPiA8ZGl2IHN0eWxlPSIgIGJhY2tncm91bmQtY29sb3I6ICNGNEY0RjQ7IGJvcmRlci1yYWRpdXM6IDRweDsgZmxleC1ncm93OiAwOyBoZWlnaHQ6IDE0cHg7IG1hcmdpbi1ib3R0b206IDZweDsgd2lkdGg6IDEwMHB4OyI+PC9kaXY+IDxkaXYgc3R5bGU9IiAgYmFja2dyb3VuZC1jb2xvcjogI0Y0RjRGNDsgYm9yZGVyLXJhZGl1czogNHB4OyBmbGV4LWdyb3c6IDA7IGhlaWdodDogMTRweDsgd2lkdGg6IDYwcHg7Ij48L2Rpdj48L2Rpdj48L2Rpdj48ZGl2IHN0eWxlPSJwYWRkaW5nOiAxOSUgMDsiPjwvZGl2PiA8ZGl2IHN0eWxlPSJkaXNwbGF5OmJsb2NrOyBoZWlnaHQ6NTBweDsgbWFyZ2luOjAgYXV0byAxMnB4OyB3aWR0aDo1MHB4OyI+PHN2ZyB3aWR0aD0iNTBweCIgaGVpZ2h0PSI1MHB4IiB2aWV3Ym94PSIwIDAgNjAgNjAiIHZlcnNpb249IjEuMSIgeG1sbnM9Imh0dHBzOi8vd3d3LnczLm9yZy8yMDAwL3N2ZyIgeG1sbnM6eGxpbms9Imh0dHBzOi8vd3d3LnczLm9yZy8xOTk5L3hsaW5rIj48ZyBzdHJva2U9Im5vbmUiIHN0cm9rZS13aWR0aD0iMSIgZmlsbD0ibm9uZSIgZmlsbC1ydWxlPSJldmVub2RkIj48ZyB0cmFuc2Zvcm09InRyYW5zbGF0ZSgtNTExLjAwMDAwMCwgLTIwLjAwMDAwMCkiIGZpbGw9IiMwMDAwMDAiPjxnPjxwYXRoIGQ9Ik01NTYuODY5LDMwLjQxIEM1NTQuODE0LDMwLjQxIDU1My4xNDgsMzIuMDc2IDU1My4xNDgsMzQuMTMxIEM1NTMuMTQ4LDM2LjE4NiA1NTQuODE0LDM3Ljg1MiA1NTYuODY5LDM3Ljg1MiBDNTU4LjkyNCwzNy44NTIgNTYwLjU5LDM2LjE4NiA1NjAuNTksMzQuMTMxIEM1NjAuNTksMzIuMDc2IDU1OC45MjQsMzAuNDEgNTU2Ljg2OSwzMC40MSBNNTQxLDYwLjY1NyBDNTM1LjExNCw2MC42NTcgNTMwLjM0Miw1NS44ODcgNTMwLjM0Miw1MCBDNTMwLjM0Miw0NC4xMTQgNTM1LjExNCwzOS4zNDIgNTQxLDM5LjM0MiBDNTQ2Ljg4NywzOS4zNDIgNTUxLjY1OCw0NC4xMTQgNTUxLjY1OCw1MCBDNTUxLjY1OCw1NS44ODcgNTQ2Ljg4Nyw2MC42NTcgNTQxLDYwLjY1NyBNNTQxLDMzLjg4NiBDNTMyLjEsMzMuODg2IDUyNC44ODYsNDEuMSA1MjQuODg2LDUwIEM1MjQuODg2LDU4Ljg5OSA1MzIuMSw2Ni4xMTMgNTQxLDY2LjExMyBDNTQ5LjksNjYuMTEzIDU1Ny4xMTUsNTguODk5IDU1Ny4xMTUsNTAgQzU1Ny4xMTUsNDEuMSA1NDkuOSwzMy44ODYgNTQxLDMzLjg4NiBNNTY1LjM3OCw2Mi4xMDEgQzU2NS4yNDQsNjUuMDIyIDU2NC43NTYsNjYuNjA2IDU2NC4zNDYsNjcuNjYzIEM1NjMuODAzLDY5LjA2IDU2My4xNTQsNzAuMDU3IDU2Mi4xMDYsNzEuMTA2IEM1NjEuMDU4LDcyLjE1NSA1NjAuMDYsNzIuODAzIDU1OC42NjIsNzMuMzQ3IEM1NTcuNjA3LDczLjc1NyA1NTYuMDIxLDc0LjI0NCA1NTMuMTAyLDc0LjM3OCBDNTQ5Ljk0NCw3NC41MjEgNTQ4Ljk5Nyw3NC41NTIgNTQxLDc0LjU1MiBDNTMzLjAwMyw3NC41NTIgNTMyLjA1Niw3NC41MjEgNTI4Ljg5OCw3NC4zNzggQzUyNS45NzksNzQuMjQ0IDUyNC4zOTMsNzMuNzU3IDUyMy4zMzgsNzMuMzQ3IEM1MjEuOTQsNzIuODAzIDUyMC45NDIsNzIuMTU1IDUxOS44OTQsNzEuMTA2IEM1MTguODQ2LDcwLjA1NyA1MTguMTk3LDY5LjA2IDUxNy42NTQsNjcuNjYzIEM1MTcuMjQ0LDY2LjYwNiA1MTYuNzU1LDY1LjAyMiA1MTYuNjIzLDYyLjEwMSBDNTE2LjQ3OSw1OC45NDMgNTE2LjQ0OCw1Ny45OTYgNTE2LjQ0OCw1MCBDNTE2LjQ0OCw0Mi4wMDMgNTE2LjQ3OSw0MS4wNTYgNTE2LjYyMywzNy44OTkgQzUxNi43NTUsMzQuOTc4IDUxNy4yNDQsMzMuMzkxIDUxNy42NTQsMzIuMzM4IEM1MTguMTk3LDMwLjkzOCA1MTguODQ2LDI5Ljk0MiA1MTkuODk0LDI4Ljg5NCBDNTIwLjk0MiwyNy44NDYgNTIxLjk0LDI3LjE5NiA1MjMuMzM4LDI2LjY1NCBDNTI0LjM5MywyNi4yNDQgNTI1Ljk3OSwyNS43NTYgNTI4Ljg5OCwyNS42MjMgQzUzMi4wNTcsMjUuNDc5IDUzMy4wMDQsMjUuNDQ4IDU0MSwyNS40NDggQzU0OC45OTcsMjUuNDQ4IDU0OS45NDMsMjUuNDc5IDU1My4xMDIsMjUuNjIzIEM1NTYuMDIxLDI1Ljc1NiA1NTcuNjA3LDI2LjI0NCA1NTguNjYyLDI2LjY1NCBDNTYwLjA2LDI3LjE5NiA1NjEuMDU4LDI3Ljg0NiA1NjIuMTA2LDI4Ljg5NCBDNTYzLjE1NCwyOS45NDIgNTYzLjgwMywzMC45MzggNTY0LjM0NiwzMi4zMzggQzU2NC43NTYsMzMuMzkxIDU2NS4yNDQsMzQuOTc4IDU2NS4zNzgsMzcuODk5IEM1NjUuNTIyLDQxLjA1NiA1NjUuNTUyLDQyLjAwMyA1NjUuNTUyLDUwIEM1NjUuNTUyLDU3Ljk5NiA1NjUuNTIyLDU4Ljk0MyA1NjUuMzc4LDYyLjEwMSBNNTcwLjgyLDM3LjYzMSBDNTcwLjY3NCwzNC40MzggNTcwLjE2NywzMi4yNTggNTY5LjQyNSwzMC4zNDkgQzU2OC42NTksMjguMzc3IDU2Ny42MzMsMjYuNzAyIDU2NS45NjUsMjUuMDM1IEM1NjQuMjk3LDIzLjM2OCA1NjIuNjIzLDIyLjM0MiA1NjAuNjUyLDIxLjU3NSBDNTU4Ljc0MywyMC44MzQgNTU2LjU2MiwyMC4zMjYgNTUzLjM2OSwyMC4xOCBDNTUwLjE2OSwyMC4wMzMgNTQ5LjE0OCwyMCA1NDEsMjAgQzUzMi44NTMsMjAgNTMxLjgzMSwyMC4wMzMgNTI4LjYzMSwyMC4xOCBDNTI1LjQzOCwyMC4zMjYgNTIzLjI1NywyMC44MzQgNTIxLjM0OSwyMS41NzUgQzUxOS4zNzYsMjIuMzQyIDUxNy43MDMsMjMuMzY4IDUxNi4wMzUsMjUuMDM1IEM1MTQuMzY4LDI2LjcwMiA1MTMuMzQyLDI4LjM3NyA1MTIuNTc0LDMwLjM0OSBDNTExLjgzNCwzMi4yNTggNTExLjMyNiwzNC40MzggNTExLjE4MSwzNy42MzEgQzUxMS4wMzUsNDAuODMxIDUxMSw0MS44NTEgNTExLDUwIEM1MTEsNTguMTQ3IDUxMS4wMzUsNTkuMTcgNTExLjE4MSw2Mi4zNjkgQzUxMS4zMjYsNjUuNTYyIDUxMS44MzQsNjcuNzQzIDUxMi41NzQsNjkuNjUxIEM1MTMuMzQyLDcxLjYyNSA1MTQuMzY4LDczLjI5NiA1MTYuMDM1LDc0Ljk2NSBDNTE3LjcwMyw3Ni42MzQgNTE5LjM3Niw3Ny42NTggNTIxLjM0OSw3OC40MjUgQzUyMy4yNTcsNzkuMTY3IDUyNS40MzgsNzkuNjczIDUyOC42MzEsNzkuODIgQzUzMS44MzEsNzkuOTY1IDUzMi44NTMsODAuMDAxIDU0MSw4MC4wMDEgQzU0OS4xNDgsODAuMDAxIDU1MC4xNjksNzkuOTY1IDU1My4zNjksNzkuODIgQzU1Ni41NjIsNzkuNjczIDU1OC43NDMsNzkuMTY3IDU2MC42NTIsNzguNDI1IEM1NjIuNjIzLDc3LjY1OCA1NjQuMjk3LDc2LjYzNCA1NjUuOTY1LDc0Ljk2NSBDNTY3LjYzMyw3My4yOTYgNTY4LjY1OSw3MS42MjUgNTY5LjQyNSw2OS42NTEgQzU3MC4xNjcsNjcuNzQzIDU3MC42NzQsNjUuNTYyIDU3MC44Miw2Mi4zNjkgQzU3MC45NjYsNTkuMTcgNTcxLDU4LjE0NyA1NzEsNTAgQzU3MSw0MS44NTEgNTcwLjk2Niw0MC44MzEgNTcwLjgyLDM3LjYzMSI+PC9wYXRoPjwvcGF0aD48L2c+PC9nPjwvZz48L3N2Zz48L2Rpdj48ZGl2IHN0eWxlPSJwYWRkaW5nLXRvcDogOHB4OyI+IDxkaXYgc3R5bGU9IiAgY29sb3I6IzM4OTdmMDsgZm9udC1mYW1pbHk6QXJpYWwsc2Fucy1zZXJpZjsgZm9udC1zaXplOjE0cHg7IGZvbnQtc3R5bGU6bm9ybWFsOyBmb250LXdlaWdodDo1NTA7IGxpbmUtaGVpZ2h0OjE4cHg7Ij5WaWV3IHRoaXMgcG9zdCBvbiBJbnN0YWdyYW08L2Rpdj48L2Rpdj48ZGl2IHN0eWxlPSJwYWRkaW5nOiAxMi41JSAwOyI+PC9kaXY+IDxkaXYgc3R5bGU9ImRpc3BsYXk6IGZsZXg7IGZsZXgtZGlyZWN0aW9uOiByb3c7IG1hcmdpbi1ib3R0b206IDE0cHg7IGFsaWduLWl0ZW1zOiBjZW50ZXI7Ij48ZGl2PiA8ZGl2IHN0eWxlPSJiYWNrZ3JvdW5kLWNvbG9yOiAjRjRGNEY0OyBib3JkZXItcmFkaXVzOiA1MCU7IGhlaWdodDogMTIuNXB4OyB3aWR0aDogMTIuNXB4OyB0cmFuc2Zvcm06IHRyYW5zbGF0ZVgoMHB4KSB0cmFuc2xhdGVZKDdweCk7Ij48L2Rpdj4gPGRpdiBzdHlsZT0iYmFja2dyb3VuZC1jb2xvcjogI0Y0RjRGNDsgaGVpZ2h0OiAxMi41cHg7IHRyYW5zZm9ybTogcm90YXRlKC00NWRlZykgdHJhbnNsYXRlWCgzcHgpIHRyYW5zbGF0ZVkoMXB4KTsgd2lkdGg6IDEyLjVweDsgZmxleC1ncm93OiAwOyBtYXJnaW4tcmlnaHQ6IDE0cHg7IG1hcmdpbi1sZWZ0OiAycHg7Ij48L2Rpdj4gPGRpdiBzdHlsZT0iYmFja2dyb3VuZC1jb2xvcjogI0Y0RjRGNDsgYm9yZGVyLXJhZGl1czogNTAlOyBoZWlnaHQ6IDEyLjVweDsgd2lkdGg6IDEyLjVweDsgdHJhbnNmb3JtOiB0cmFuc2xhdGVYKDlweCkgdHJhbnNsYXRlWSgtMThweCk7Ij48L2Rpdj48L2Rpdj48ZGl2IHN0eWxlPSJtYXJnaW4tbGVmdDogOHB4OyI+IDxkaXYgc3R5bGU9IiAgYmFja2dyb3VuZC1jb2xvcjogI0Y0RjRGNDsgYm9yZGVyLXJhZGl1czogNTAlOyBmbGV4LWdyb3c6IDA7IGhlaWdodDogMjBweDsgd2lkdGg6IDIwcHg7Ij48L2Rpdj4gPGRpdiBzdHlsZT0iICB3aWR0aDogMDsgaGVpZ2h0OiAwOyBib3JkZXItdG9wOiAycHggc29saWQgdHJhbnNwYXJlbnQ7IGJvcmRlci1sZWZ0OiA2cHggc29saWQgI2Y0ZjRmNDsgYm9yZGVyLWJvdHRvbTogMnB4IHNvbGlkIHRyYW5zcGFyZW50OyB0cmFuc2Zvcm06IHRyYW5zbGF0ZVgoMTZweCkgdHJhbnNsYXRlWSgtNHB4KSByb3RhdGUoMzBkZWcpIj48L2Rpdj48L2Rpdj48ZGl2IHN0eWxlPSJtYXJnaW4tbGVmdDogYXV0bzsiPiA8ZGl2IHN0eWxlPSIgIHdpZHRoOiAwcHg7IGJvcmRlci10b3A6IDhweCBzb2xpZCAjRjRGNEY0OyBib3JkZXItcmlnaHQ6IDhweCBzb2xpZCB0cmFuc3BhcmVudDsgdHJhbnNmb3JtOiB0cmFuc2xhdGVZKDE2cHgpOyI+PC9kaXY+IDxkaXYgc3R5bGU9IiAgYmFja2dyb3VuZC1jb2xvcjogI0Y0RjRGNDsgZmxleC1ncm93OiAwOyBoZWlnaHQ6IDEycHg7IHdpZHRoOiAxNnB4OyB0cmFuc2Zvcm06IHRyYW5zbGF0ZVkoLTRweCk7Ij48L2Rpdj4gPGRpdiBzdHlsZT0iICB3aWR0aDogMDsgaGVpZ2h0OiAwOyBib3JkZXItdG9wOiA4cHggc29saWQgI0Y0RjRGNDsgYm9yZGVyLWxlZnQ6IDhweCBzb2xpZCB0cmFuc3BhcmVudDsgdHJhbnNmb3JtOiB0cmFuc2xhdGVZKC00cHgpIHRyYW5zbGF0ZVgoOHB4KTsiPjwvZGl2PjwvZGl2PjwvZGl2PiA8ZGl2IHN0eWxlPSJkaXNwbGF5OiBmbGV4OyBmbGV4LWRpcmVjdGlvbjogY29sdW1uOyBmbGV4LWdyb3c6IDE7IGp1c3RpZnktY29udGVudDogY2VudGVyOyBtYXJnaW4tYm90dG9tOiAyNHB4OyI+IDxkaXYgc3R5bGU9IiAgYmFja2dyb3VuZC1jb2xvcjogI0Y0RjRGNDsgYm9yZGVyLXJhZGl1czogNHB4OyBmbGV4LWdyb3c6IDA7IGhlaWdodDogMTRweDsgbWFyZ2luLWJvdHRvbTogNnB4OyB3aWR0aDogMjI0cHg7Ij48L2Rpdj4gPGRpdiBzdHlsZT0iICBiYWNrZ3JvdW5kLWNvbG9yOiAjRjRGNEY0OyBib3JkZXItcmFkaXVzOiA0cHg7IGZsZXgtZ3JvdzogMDsgaGVpZ2h0OiAxNHB4OyB3aWR0aDogMTQ0cHg7Ij48L2Rpdj48L2Rpdj48L2E+PHAgc3R5bGU9IiAgY29sb3I6I2M5YzhjZDsgZm9udC1mYW1pbHk6QXJpYWwsc2Fucy1zZXJpZjsgZm9udC1zaXplOjE0cHg7IGxpbmUtaGVpZ2h0OjE3cHg7IG1hcmdpbi1ib3R0b206MDsgbWFyZ2luLXRvcDo4cHg7IG92ZXJmbG93OmhpZGRlbjsgcGFkZGluZzo4cHggMCA3cHg7IHRleHQtYWxpZ246Y2VudGVyOyB0ZXh0LW92ZXJmbG93OmVsbGlwc2lzOyB3aGl0ZS1zcGFjZTpub3dyYXA7Ij48YSBocmVmPSJodHRwczovL3d3dy5pbnN0YWdyYW0uY29tL3JlZWwvQ2w4aExsWG9tOFkvP3V0bV9zb3VyY2U9aWdfZW1iZWQmYW1wO3V0bV9jYW1wYWlnbj1sb2FkaW5nIiBzdHlsZT0iICBjb2xvcjojYzljOGNkOyBmb250LWZhbWlseTpBcmlhbCxzYW5zLXNlcmlmOyBmb250LXNpemU6MTRweDsgZm9udC1zdHlsZTpub3JtYWw7IGZvbnQtd2VpZ2h0Om5vcm1hbDsgbGluZS1oZWlnaHQ6MTdweDsgdGV4dC1kZWNvcmF0aW9uOm5vbmU7IiB0YXJnZXQ9Il9ibGFuayI+QSBwb3N0IHNoYXJlZCBieSBCbMOhZmrDtmxsIFNraSBSZXNvcnQgKEBibGFmam9sbHNraXJlc29ydCk8L2E+PC9wPjwvZGl2PjwvYmxvY2txdW90ZT4gPHNjcmlwdCBhc3luYz0iIiBzcmM9Ii8vd3d3Lmluc3RhZ3JhbS5jb20vZW1iZWQuanMiPjwvc2NyaXB0Pg==[\/vc_raw_html][\/vc_column][vc_column column_padding=&#8221;no-extra-padding&#8221; column_padding_tablet=&#8221;inherit&#8221; column_padding_phone=&#8221;inherit&#8221; column_padding_position=&#8221;all&#8221; column_element_direction_desktop=&#8221;default&#8221; column_element_spacing=&#8221;default&#8221; desktop_text_alignment=&#8221;default&#8221; tablet_text_alignment=&#8221;default&#8221; phone_text_alignment=&#8221;default&#8221; background_color_opacity=&#8221;1&#8243; background_hover_color_opacity=&#8221;1&#8243; column_backdrop_filter=&#8221;none&#8221; column_shadow=&#8221;none&#8221; column_border_radius=&#8221;none&#8221; column_link_target=&#8221;_self&#8221; column_position=&#8221;default&#8221; gradient_direction=&#8221;left_to_right&#8221; overlay_strength=&#8221;0.3&#8243; width=&#8221;1\/2&#8243; tablet_width_inherit=&#8221;default&#8221; animation_type=&#8221;default&#8221; bg_image_animation=&#8221;none&#8221; border_type=&#8221;simple&#8221; column_border_width=&#8221;none&#8221; column_border_style=&#8221;solid&#8221;][vc_column_text css=&#8221;&#8221; text_direction=&#8221;default&#8221;]\n<table>\n<thead>\n<tr>\n<th><\/th>\n<th>Adults<\/th>\n<th>Children<\/th>\n<\/tr>\n<\/thead>\n<tbody>\n<tr>\n<th>Skis, boots and poles<\/th>\n<td>7,500 kr.<\/td>\n<td>6,700 kr.<\/td>\n<\/tr>\n<tr>\n<th>Poles<\/th>\n<td>1,700 kr.<\/td>\n<td>1,700 kr.<\/td>\n<\/tr>\n<tr>\n<th>Cross-country skis and boots<\/th>\n<td>6,600 kr.<\/td>\n<td>6,600 kr.<\/td>\n<\/tr>\n<tr>\n<th>Snowboard and boots<\/th>\n<td>7,500 kr.<\/td>\n<td>6,700 kr.<\/td>\n<\/tr>\n<tr>\n<th>Individual items<\/th>\n<td>4,600 kr.<\/td>\n<td>4,000 kr.<\/td>\n<\/tr>\n<tr>\n<th>Ski helmet<\/th>\n<td style=\"text-align: center;\">0 kr<\/td>\n<td>0 kr.<\/td>\n<\/tr>\n<\/tbody>\n<\/table>\n<p>&nbsp;<\/p>\n<p>&nbsp;<\/p>\n<table>\n<thead>\n<tr>\n<th><\/th>\n<th>Adults<\/th>\n<th>Children<\/th>\n<\/tr>\n<\/thead>\n<tbody>\n<tr>\n<th>Skis, boots and poles<\/th>\n<td>7,500 kr.<\/td>\n<td>6,700 kr.<\/td>\n<\/tr>\n<tr>\n<th>Poles<\/th>\n<td>1,700 kr.<\/td>\n<td>1,700 kr.<\/td>\n<\/tr>\n<tr>\n<th>Cross-country skis and poles<\/th>\n<td>6,600 kr.<\/td>\n<td>6,600 kr.<\/td>\n<\/tr>\n<tr>\n<th>Snowboard and boots<\/th>\n<td>7,500 kr.<\/td>\n<td>6,700 kr.<\/td>\n<\/tr>\n<tr>\n<th>Individual Items<\/th>\n<td>4,600 kr.<\/td>\n<td>4,000 kr.<\/td>\n<\/tr>\n<tr>\n<th>Helmet<\/th>\n<td style=\"text-align: center;\">0 kr<\/td>\n<td>0 kr.<\/td>\n<\/tr>\n<\/tbody>\n<\/table>\n[\/vc_column_text][\/vc_column][\/vc_row]\n","protected":false},"excerpt":{"rendered":"<p>[vc_row type=&#8221;in_container&#8221; full_screen_row_position=&#8221;middle&#8221; column_margin=&#8221;default&#8221; column_direction=&#8221;default&#8221; column_direction_tablet=&#8221;default&#8221; column_direction_phone=&#8221;default&#8221; scene_position=&#8221;center&#8221; text_color=&#8221;dark&#8221; text_align=&#8221;left&#8221; row_border_radius=&#8221;none&#8221; row_border_radius_applies=&#8221;bg&#8221; overflow=&#8221;visible&#8221; overlay_strength=&#8221;0.3&#8243; gradient_direction=&#8221;left_to_right&#8221; shape_divider_position=&#8221;bottom&#8221; bg_image_animation=&#8221;none&#8221;][vc_column column_padding=&#8221;no-extra-padding&#8221; column_padding_tablet=&#8221;inherit&#8221; column_padding_phone=&#8221;inherit&#8221; column_padding_position=&#8221;all&#8221; column_element_direction_desktop=&#8221;default&#8221; column_element_spacing=&#8221;default&#8221; desktop_text_alignment=&#8221;default&#8221; tablet_text_alignment=&#8221;default&#8221; phone_text_alignment=&#8221;default&#8221; background_color_opacity=&#8221;1&#8243; background_hover_color_opacity=&#8221;1&#8243; column_backdrop_filter=&#8221;none&#8221; column_shadow=&#8221;none&#8221;&#8230;<\/p>\n","protected":false},"author":2,"featured_media":0,"parent":25436,"menu_order":2,"comment_status":"closed","ping_status":"closed","template":"","meta":{"footnotes":""},"class_list":["post-27694","page","type-page","status-publish"],"_links":{"self":[{"href":"https:\/\/skidasvaedi.is\/en\/wp-json\/wp\/v2\/pages\/27694","targetHints":{"allow":["GET"]}}],"collection":[{"href":"https:\/\/skidasvaedi.is\/en\/wp-json\/wp\/v2\/pages"}],"about":[{"href":"https:\/\/skidasvaedi.is\/en\/wp-json\/wp\/v2\/types\/page"}],"author":[{"embeddable":true,"href":"https:\/\/skidasvaedi.is\/en\/wp-json\/wp\/v2\/users\/2"}],"replies":[{"embeddable":true,"href":"https:\/\/skidasvaedi.is\/en\/wp-json\/wp\/v2\/comments?post=27694"}],"version-history":[{"count":5,"href":"https:\/\/skidasvaedi.is\/en\/wp-json\/wp\/v2\/pages\/27694\/revisions"}],"predecessor-version":[{"id":29788,"href":"https:\/\/skidasvaedi.is\/en\/wp-json\/wp\/v2\/pages\/27694\/revisions\/29788"}],"up":[{"embeddable":true,"href":"https:\/\/skidasvaedi.is\/en\/wp-json\/wp\/v2\/pages\/25436"}],"wp:attachment":[{"href":"https:\/\/skidasvaedi.is\/en\/wp-json\/wp\/v2\/media?parent=27694"}],"curies":[{"name":"wp","href":"https:\/\/api.w.org\/{rel}","templated":true}]}}