
{"id":27733,"date":"2021-02-02T08:56:12","date_gmt":"2021-02-02T08:56:12","guid":{"rendered":"https:\/\/skidasvaedi.is\/information\/disabled-persons-and-children-born-2020-2025\/"},"modified":"2026-01-06T13:15:51","modified_gmt":"2026-01-06T13:15:51","slug":"disabled-persons-and-children-born-2020-2025","status":"publish","type":"page","link":"https:\/\/skidasvaedi.is\/en\/information\/disabled-persons-and-children-born-2020-2025\/","title":{"rendered":"Free pass holders (disabled persons, caregivers and children)"},"content":{"rendered":"[vc_row][vc_column width=&#8221;5\/6&#8243;][vc_column_text css=&#8221;&#8221;]You need to have a <strong>Skidata card<\/strong> (hard card) to load credit onto.<br \/>\nThese cards are reusable and available at selected <strong>N1<\/strong> and <strong>Ol\u00eds<\/strong> stations:<\/p>\n<p><strong><br \/>\nN1 \u00c1rt\u00fansh\u00f6f\u00f0i<br \/>\nN1 Hringbraut, Hafnarfj\u00f6r\u00f0ur<br \/>\nN1 H\u00e1holt, Mosfellsb\u00e6r<br \/>\nN1 Brei\u00f0am\u00f6rk, Hverager\u00f0i<br \/>\nOl\u00eds Nor\u00f0lingaholt<br \/>\n<\/strong><\/p>\n<p>&nbsp;<\/p>\n<p>The registration form is valid for one person only. For multiple individuals, the registration form must be filled out again.<\/p>\n<p>Please note that companions of caregivers can obtain their day passes at the cashier&#8217;s office located in the Bl\u00e1fj\u00f6ll Lodge on the same day.<\/p>\n<p><strong>Registration is valid for one ski season and must be RENEWED each year<\/strong>.[\/vc_column_text][\/vc_column][vc_column width=&#8221;1\/6&#8243;][\/vc_column][\/vc_row][vc_row][vc_column][vc_column_text]\n<div class=\"wpcf7 no-js\" id=\"wpcf7-f27711-o1\" lang=\"en-US\" dir=\"ltr\" data-wpcf7-id=\"27711\">\n<div class=\"screen-reader-response\"><p role=\"status\" aria-live=\"polite\" aria-atomic=\"true\"><\/p> <ul><\/ul><\/div>\n<form action=\"\/en\/wp-json\/wp\/v2\/pages\/27733#wpcf7-f27711-o1\" method=\"post\" class=\"wpcf7-form init\" aria-label=\"Contact form\" enctype=\"multipart\/form-data\" novalidate=\"novalidate\" data-status=\"init\">\n<fieldset class=\"hidden-fields-container\"><input type=\"hidden\" name=\"_wpcf7\" value=\"27711\" \/><input type=\"hidden\" name=\"_wpcf7_version\" value=\"6.1.5\" \/><input type=\"hidden\" name=\"_wpcf7_locale\" value=\"en_US\" \/><input type=\"hidden\" name=\"_wpcf7_unit_tag\" value=\"wpcf7-f27711-o1\" \/><input type=\"hidden\" name=\"_wpcf7_container_post\" value=\"0\" \/><input type=\"hidden\" name=\"_wpcf7_posted_data_hash\" value=\"\" \/><input type=\"hidden\" name=\"_wpcf7_recaptcha_response\" value=\"\" \/>\n<\/fieldset>\n<div class=\"form-field\">\n\t<p><span class=\"wpcf7-form-control-wrap\" data-name=\"gerd\"><span class=\"wpcf7-form-control wpcf7-radio\"><span class=\"wpcf7-list-item first\"><label><input type=\"radio\" name=\"gerd\" value=\"Caregiver\" \/><span class=\"wpcf7-list-item-label\">Caregiver<\/span><\/label><\/span><span class=\"wpcf7-list-item\"><label><input type=\"radio\" name=\"gerd\" value=\"Disabled\" \/><span class=\"wpcf7-list-item-label\">Disabled<\/span><\/label><\/span><span class=\"wpcf7-list-item\"><label><input type=\"radio\" name=\"gerd\" value=\"Children 5 years and under\" \/><span class=\"wpcf7-list-item-label\">Children 5 years and under<\/span><\/label><\/span><span class=\"wpcf7-list-item last\"><label><input type=\"radio\" name=\"gerd\" value=\"Cross-country skiing under 18 years\" \/><span class=\"wpcf7-list-item-label\">Cross-country skiing under 18 years<\/span><\/label><\/span><\/span><\/span>\n\t<\/p>\n<\/div>\n<div class=\"form-field half\">\n\t<p><label>Name<br \/>\n<span class=\"wpcf7-form-control-wrap\" data-name=\"name-person\"><input size=\"40\" maxlength=\"400\" class=\"wpcf7-form-control wpcf7-text wpcf7-validates-as-required\" aria-required=\"true\" aria-invalid=\"false\" value=\"\" type=\"text\" name=\"name-person\" \/><\/span><br \/>\n<\/label>\n\t<\/p>\n<\/div>\n<div class=\"form-field half\">\n\t<p><label>ID Number<br \/>\n<span class=\"wpcf7-form-control-wrap\" data-name=\"kennitala\"><input size=\"40\" maxlength=\"400\" class=\"wpcf7-form-control wpcf7-text wpcf7-validates-as-required\" aria-required=\"true\" aria-invalid=\"false\" value=\"\" type=\"text\" name=\"kennitala\" \/><\/span><br \/>\n<\/label>\n\t<\/p>\n<\/div>\n<div class=\"form-field half\">\n\t<p><label>Skidata card number (on back)<br \/>\n<span class=\"wpcf7-form-control-wrap\" data-name=\"skidata\"><input size=\"40\" maxlength=\"400\" class=\"wpcf7-form-control wpcf7-text wpcf7-validates-as-required\" aria-required=\"true\" aria-invalid=\"false\" value=\"\" type=\"text\" name=\"skidata\" \/><\/span><br \/>\n<\/label>\n\t<\/p>\n<\/div>\n<div class=\"form-field fourth\">\n\t<p><label>Email<br \/>\n<span class=\"wpcf7-form-control-wrap\" data-name=\"email-cp\"><input size=\"40\" maxlength=\"400\" class=\"wpcf7-form-control wpcf7-email wpcf7-validates-as-required wpcf7-text wpcf7-validates-as-email\" aria-required=\"true\" aria-invalid=\"false\" value=\"\" type=\"email\" name=\"email-cp\" \/><\/span><br \/>\n<\/label>\n\t<\/p>\n<\/div>\n<div class=\"form-field fourth\">\n\t<p><label>Phone number<br \/>\n<span class=\"wpcf7-form-control-wrap\" data-name=\"phone-cp\"><input size=\"40\" maxlength=\"400\" class=\"wpcf7-form-control wpcf7-text wpcf7-validates-as-required\" aria-required=\"true\" aria-invalid=\"false\" value=\"\" type=\"text\" name=\"phone-cp\" \/><\/span><br \/>\n<\/label>\n\t<\/p>\n<\/div>\n<div class=\"form-field\">\n\t<p><span style=\"font-weight:normal\">Disability verification:<\/span> upload image of disability certificate<br \/>\n<span style=\"font-weight:normal\">or child age verification:<\/span> upload passport image\n\t<\/p>\n\t<p><span class=\"wpcf7-form-control-wrap\" data-name=\"id_photo\"><input size=\"40\" class=\"wpcf7-form-control wpcf7-file wpcf7-validates-as-required\" accept=\"audio\/*,video\/*,image\/*\" aria-required=\"true\" aria-invalid=\"false\" type=\"file\" name=\"id_photo\" \/><\/span><br \/>\n\t<\/p>\n<\/div>\n<div class=\"form-field\">\n\t<p>Upload cardholder photo\n\t<\/p>\n\t<p><span class=\"wpcf7-form-control-wrap\" data-name=\"portrait\"><input size=\"40\" class=\"wpcf7-form-control wpcf7-file wpcf7-validates-as-required\" accept=\"audio\/*,video\/*,image\/*\" aria-required=\"true\" aria-invalid=\"false\" type=\"file\" name=\"portrait\" \/><\/span><br \/>\n\t<\/p>\n<\/div>\n<div class=\"form-field half\">\n\t<p><input class=\"wpcf7-form-control wpcf7-submit has-spinner\" type=\"submit\" value=\"Submit registration\" \/>\n\t<\/p>\n<\/div><div class=\"wpcf7-response-output\" aria-hidden=\"true\"><\/div>\n<\/form>\n<\/div>\n[\/vc_column_text][\/vc_column][\/vc_row][vc_row][vc_column][\/vc_column][\/vc_row]\n","protected":false},"excerpt":{"rendered":"<p>[vc_row][vc_column width=&#8221;5\/6&#8243;][vc_column_text css=&#8221;&#8221;]You need to have a Skidata card (hard card) to load credit onto. These cards are reusable and available at selected N1 and Ol\u00eds stations: N1 \u00c1rt\u00fansh\u00f6f\u00f0i N1&#8230;<\/p>\n","protected":false},"author":2,"featured_media":0,"parent":25445,"menu_order":3,"comment_status":"closed","ping_status":"closed","template":"","meta":{"footnotes":""},"class_list":["post-27733","page","type-page","status-publish"],"_links":{"self":[{"href":"https:\/\/skidasvaedi.is\/en\/wp-json\/wp\/v2\/pages\/27733","targetHints":{"allow":["GET"]}}],"collection":[{"href":"https:\/\/skidasvaedi.is\/en\/wp-json\/wp\/v2\/pages"}],"about":[{"href":"https:\/\/skidasvaedi.is\/en\/wp-json\/wp\/v2\/types\/page"}],"author":[{"embeddable":true,"href":"https:\/\/skidasvaedi.is\/en\/wp-json\/wp\/v2\/users\/2"}],"replies":[{"embeddable":true,"href":"https:\/\/skidasvaedi.is\/en\/wp-json\/wp\/v2\/comments?post=27733"}],"version-history":[{"count":4,"href":"https:\/\/skidasvaedi.is\/en\/wp-json\/wp\/v2\/pages\/27733\/revisions"}],"predecessor-version":[{"id":28130,"href":"https:\/\/skidasvaedi.is\/en\/wp-json\/wp\/v2\/pages\/27733\/revisions\/28130"}],"up":[{"embeddable":true,"href":"https:\/\/skidasvaedi.is\/en\/wp-json\/wp\/v2\/pages\/25445"}],"wp:attachment":[{"href":"https:\/\/skidasvaedi.is\/en\/wp-json\/wp\/v2\/media?parent=27733"}],"curies":[{"name":"wp","href":"https:\/\/api.w.org\/{rel}","templated":true}]}}