
{"id":27741,"date":"2016-01-08T09:49:33","date_gmt":"2016-01-08T09:49:33","guid":{"rendered":"https:\/\/skidasvaedi.is\/information\/other-ski-areas\/"},"modified":"2026-01-12T17:22:14","modified_gmt":"2026-01-12T17:22:14","slug":"other-ski-areas","status":"publish","type":"page","link":"https:\/\/skidasvaedi.is\/en\/information\/other-ski-areas\/","title":{"rendered":"Other Ski Areas"},"content":{"rendered":"[vc_row type=&#8221;in_container&#8221; full_screen_row_position=&#8221;middle&#8221; column_margin=&#8221;default&#8221; column_direction=&#8221;default&#8221; column_direction_tablet=&#8221;default&#8221; column_direction_phone=&#8221;default&#8221; scene_position=&#8221;center&#8221; text_color=&#8221;dark&#8221; text_align=&#8221;left&#8221; row_border_radius=&#8221;none&#8221; row_border_radius_applies=&#8221;bg&#8221; overflow=&#8221;visible&#8221; overlay_strength=&#8221;0.3&#8243; gradient_direction=&#8221;left_to_right&#8221; shape_divider_position=&#8221;bottom&#8221; bg_image_animation=&#8221;none&#8221;][vc_column column_padding=&#8221;no-extra-padding&#8221; column_padding_tablet=&#8221;inherit&#8221; column_padding_phone=&#8221;inherit&#8221; column_padding_position=&#8221;all&#8221; column_element_direction_desktop=&#8221;default&#8221; column_element_spacing=&#8221;default&#8221; desktop_text_alignment=&#8221;default&#8221; tablet_text_alignment=&#8221;default&#8221; phone_text_alignment=&#8221;default&#8221; background_color_opacity=&#8221;1&#8243; background_hover_color_opacity=&#8221;1&#8243; column_backdrop_filter=&#8221;none&#8221; column_shadow=&#8221;none&#8221; column_border_radius=&#8221;none&#8221; column_link_target=&#8221;_self&#8221; column_position=&#8221;default&#8221; gradient_direction=&#8221;left_to_right&#8221; overlay_strength=&#8221;0.3&#8243; width=&#8221;1\/1&#8243; tablet_width_inherit=&#8221;default&#8221; animation_type=&#8221;default&#8221; bg_image_animation=&#8221;none&#8221; border_type=&#8221;simple&#8221; column_border_width=&#8221;none&#8221; column_border_style=&#8221;solid&#8221;][toggles style=&#8221;default&#8221; accordion=&#8221;true&#8221; accordion_starting_functionality=&#8221;default&#8221; border_radius=&#8221;none&#8221;][toggle color=&#8221;Default&#8221; heading_tag=&#8221;default&#8221; heading_tag_functionality=&#8221;default&#8221; title=&#8221;Dalv\u00edk &#8211; B\u00f6ggvissta\u00f0afjall&#8221;][vc_column_text]The area has two lifts, the lower lift is a Leitner type and is 700 meters long. Directly following it is a Doppelmayer lift that is 500 meters long, totaling 1,200 meters in length with a vertical drop of 322 meters. One snow groomer handles daily grooming in the area with another available during peak times. New lighting covers the area, illuminating a 1,200-meter-long slope.   <\/p>\n<p>Opening hours are very flexible for groups, and the area can even be opened outside regular hours upon request. Ski rental is available on-site with skis and boots from children&#8217;s to adult sizes. Ski lessons are available on weekends, taught in 1-hour sessions for a fee.   <\/p>\n<p>Phones: 466 1010, 466 1005<br \/>Information line: 878 1606<br \/><a href=\"mailto:skidalsvik@skidalvik.is\">skidalsvik@skidalvik.is<\/a><br \/><a href=\"http:\/\/www.skidalvik.is\/\" target=\"_blank\" rel=\"noopener noreferrer\">http:\/\/www.skidalvik.is\/<\/a>[\/vc_column_text][\/toggle][toggle color=&#8221;Default&#8221; heading_tag=&#8221;default&#8221; heading_tag_functionality=&#8221;default&#8221; title=&#8221;Fjar\u00f0abygg\u00f0 &#8211; Oddsskar\u00f0&#8221;][vc_column_text]The first lift in Oddsskar\u00f0 was put into operation in 1980. In 1990, a second lift was added, taking over where the 1980 lift ends. This created a continuous 1257.9-meter lift system, starting at 513 meters above sea level and reaching 840 meters at the top. In 1986, a rope tow was installed in the children&#8217;s slope. A new children&#8217;s lift was opened in 1999, replacing the old rope tow. The children&#8217;s slope is now called Sunshine Slope as it catches the first morning sun.<\/p>\n<p>The ski lodge was built in 1986. The lodge offers food service and sleeping bag accommodation for up to 35 people. A snow groomer was first used in the area in 1988, and flood lighting was installed in 1994. The ski area is recognized by FIS, the International Ski Federation, and is authorized to host international ski competitions.   <\/p>\n<p>Phone: 476 1465<br \/>Answering machine: 878 1474<br \/>skidam@itn.is<br \/><a href=\"http:\/\/www.oddsskard.is\/\" target=\"_blank\" rel=\"noopener noreferrer\">http:\/\/www.oddsskard.is\/<\/a>[\/vc_column_text][\/toggle][toggle color=&#8221;Default&#8221; heading_tag=&#8221;default&#8221; heading_tag_functionality=&#8221;default&#8221; title=&#8221;H\u00fasav\u00edk &#8211; Reykjarhnj\u00fakur&#8221;][vc_column_text]The H\u00fasav\u00edk Ski Area is located on Reykjahei\u00f0i by Rey\u00f0ar\u00e1rhnj\u00fak. The lift that was previously at Sk\u00e1lamel was relocated and officially opened on December 28, 2019. <\/p>\n<p>Cross-country ski tracks are regularly groomed on Reykjahei\u00f0i when conditions allow, and this is announced on the Nor\u00f0ur\u00feing ski areas&#8217; Facebook page. Usually, the tracks are available from December\/January until spring (April\/May). <\/p>\n<p>The area is on Reykjahei\u00f0i just west of H\u00f6skuldsvatn, about 7 km from H\u00fasav\u00edk. The driving route to the area is up \u00deverholt in H\u00fasav\u00edk and then along the paved road leading to \u00deeistareykir.  <\/p>\n<p>Usually, 3 and 5 km tracks are prepared, and sometimes longer ones on weekends, suitable for all skill levels.<\/p>\n<p>Ski area phone: 8239978<br \/>Information at <a href=\"https:\/\/www.facebook.com\/reydararhnjukur\">https:\/\/www.facebook.com\/reydararhnjukur<\/a><br \/><a href=\"https:\/\/www.northiceland.is\/is\/afthreying\/thjonusta\/husavik-ski-area\">https:\/\/www.northiceland.is\/is\/afthreying\/thjonusta\/husavik-ski-area<\/a>[\/vc_column_text][\/toggle][toggle color=&#8221;Default&#8221; heading_tag=&#8221;default&#8221; heading_tag_functionality=&#8221;default&#8221; title=&#8221;\u00cdsafj\u00f6r\u00f0ur &#8211; The Two Valleys&#8221;][vc_column_text]The ski area in Tungudalur offers diverse slopes suitable for everyone. In the valley bottom, there&#8217;s a children&#8217;s lift for those taking their first turns. Directly in front of Sandfell are soft but steep slopes that are only partially groomed, making it easy to ski off-piste.  <\/p>\n<p>Further into the valley at the Mi\u00f0fell lift, there are gentler slopes for intermediate skiers and experienced skiers who don&#8217;t want to push themselves too hard! From the lift&#8217;s end, it&#8217;s perfect to put your skis on your back and walk up to Mi\u00f0fell to enjoy the view. On the southern side of Mi\u00f0fell is a steep and fun slope. From the end of the Mi\u00f0fell lift, there are gentle slopes down to the valley bottom that are perfect for families.   <\/p>\n<p>Snowboards are of course not left out.<br \/>When conditions allow, staff create jumps, boardercross tracks, and more to keep snowboarders entertained.<\/p>\n<p>Seljalandsdalur is almost always open when weather permits outdoor activities. Trails are groomed as early in the day as possible. It&#8217;s best to check the ski area&#8217;s information line at 878 1011. Skiers who practice their sport after dark can turn on the trail lighting.   <\/p>\n<p>2.5, 3.5, and 5 km loops are groomed. From Seljalandsdalur, roads lead in all directions though not all have groomed trails. It&#8217;s easy to go from there to Brei\u00f0adalshei\u00f0i and down to Engidalur. You can also go up to Kistufell and down to Hn\u00edfsdalur or over to Bolungarv\u00edk.   <br \/>In Tungudalur, a loop is groomed on the golf course and through the forest area when snow conditions allow. The Fossavatn Ski Marathon is held annually around the end of April\/beginning of May. <\/p>\n<p>Both areas have perfect lighting. Hikers can turn on the trail lighting at Seljalandsdalur themselves, with the switch located on the outside of the ski lodge. The last person should remember to turn off the lights.<br \/>Phones: 450-8000<br \/>Information: 878-1011  <\/p>\n<p><a href=\"mailto:ski@isafjordur.is\">ski@isafjordur.is<\/a><br \/><a href=\"http:\/\/www.dalirnir.is\" target=\"_blank\" rel=\"noopener noreferrer\">www.dalirnir.is<\/a>[\/vc_column_text][\/toggle][toggle color=&#8221;Default&#8221; heading_tag=&#8221;default&#8221; heading_tag_functionality=&#8221;default&#8221; title=&#8221;\u00d3lafsfj\u00f6r\u00f0ur &#8211; Tinda\u00f6xl&#8221;][vc_column_text]Slopes at the ski area are usually groomed in the mornings, typically with three 600-meter-long runs. Snowboarders get ungroomed areas and jumps are built in consultation with them. Cross-country trails are groomed in various locations. The lit trail \u2013 B\u00e1rubraut \u2013 is south of the ski area, and there&#8217;s a training trail north of \u00d3lafsfjar\u00f0arvatn, right by the town. Usually groomed in the mornings with tracks set.    <\/p>\n<p>The ski lodge stands at the bottom of the slope and is within easy walking distance from town. It offers excellent facilities for guests, including food service and reception. It also provides accommodation.  <\/p>\n<p>Phone: 878 1977<br \/><a href=\"mailto:skiol@simnet.is\" target=\"_blank\" rel=\"noopener noreferrer\">skiol@simnet.is<\/a><br \/><a href=\"http:\/\/skiol.fjallabyggd.is\/\">http:\/\/skiol.fjallabyggd.is\/<\/a><br \/><a href=\"https:\/\/www.facebook.com\/Sk%C3%AD%C3%B0af%C3%A9lag-%C3%93lafsfjar%C3%B0ar-292770929938\/\">\u00d3lafsfj\u00f6r\u00f0ur Ski Club Facebook Page<\/a>[\/vc_column_text][\/toggle][toggle color=&#8221;Default&#8221; heading_tag=&#8221;default&#8221; heading_tag_functionality=&#8221;default&#8221; title=&#8221;Reykjav\u00edk &#8211; \u00c1rb\u00e6r, Brei\u00f0holt and Grafarvogur&#8221;][vc_column_text]Within Reykjav\u00edk city limits, there are three ski lifts intended for children and beginners. The lifts are open when conditions allow. <\/p>\n<p>There is a lift in \u00c1rt\u00fansbrekka by the \u00c1rt\u00fan farm near the old Power Station, accessed from Rafst\u00f6\u00f0varvegur.<br \/>Another lift is at Jafnasel in Brei\u00f0holt between the Selja and Fell neighborhoods.<br \/>The third lift is in Grafarvogur and is located along the walking path leading up to H\u00fasahverfi. Parking is difficult to find near it.<br \/>Access to the lifts is free of charge. <\/p>\n<p>Information about openings is available on the information line 878 5798.<br \/><a href=\"https:\/\/www.facebook.com\/Sk%C3%AD%C3%B0asv%C3%A6%C3%B0in-%C3%AD-borginni-275196665916925\/\">Facebook page for the City&#8217;s Ski Areas<\/a>.[\/vc_column_text][\/toggle][toggle color=&#8221;Default&#8221; heading_tag=&#8221;default&#8221; heading_tag_functionality=&#8221;default&#8221; title=&#8221;Sau\u00f0\u00e1rkr\u00f3kur &#8211; Tindast\u00f3ll&#8221;][vc_column_text]The ski area at Tindast\u00f3ll is especially good for the whole family after a new and impressive ski lift was installed there in 2000. The first 300 meters of the main slope are suitable for beginners, with good steeps above that. There are also good trails for cross-country skiers and a great area for snowboarders.  <\/p>\n<p>The Top lift opened in March 2019 and transforms the area with endless routes down. The lift is 1000 meters long, starting at 600 meters above sea level and reaching 918 meters above sea level at its end.  <\/p>\n<p>The ski area emphasizes personal service. The service building offers coffee, hot chocolate, and excellent pastries, plus ski rental. <\/p>\n<p>Phone: 453 6707<br \/>Information line: 878 3043<br \/><a href=\"http:\/\/www.skitindastoll.is\/\" target=\"_blank\" rel=\"noopener noreferrer\">http:\/\/www.skitindastoll.is\/<\/a>[\/vc_column_text][\/toggle][toggle color=&#8221;Default&#8221; heading_tag=&#8221;default&#8221; heading_tag_functionality=&#8221;default&#8221; title=&#8221;Sey\u00f0isfj\u00f6r\u00f0ur &#8211; Stafdalur&#8221;][vc_column_text]The area has a 1 km long plate lift and a beginner lift just above the ski lodge with a comfortable gradient. East-H\u00e9rad and Sey\u00f0isfj\u00f6r\u00f0ur jointly operate the ski area in Stafdalur, which lies between Efri-Stafur and Ne\u00f0ri-Stafur in Fjar\u00f0arhei\u00f0i. It&#8217;s only a 10-minute drive from Sey\u00f0isfj\u00f6r\u00f0ur and 15 minutes from Egilssta\u00f0ir. The ski slopes in Stafdalur are suitable for all levels and the area is flood-lit.     <\/p>\n<p>Many consider the ski area in Stafdalur one of the country&#8217;s best areas for alpine skiing, skiing, and snowboarding. There are good facilities for snowboarders. Easy access to open areas for snowmobilers. Snowmobile enthusiasts have open spaces and easily accessible trails in all directions from Stafdalur. It only takes just over an hour to reach the famous Dyrfj\u00f6ll mountains by snowmobile.   <\/p>\n<p>Phone: 472 1551<br \/>Answering machine: 878 1160<br \/><a href=\"http:\/\/stafdalur.is\/\" target=\"_blank\" rel=\"noopener noreferrer\">http:\/\/stafdalur.is\/<\/a>[\/vc_column_text][\/toggle][toggle color=&#8221;Default&#8221; heading_tag=&#8221;default&#8221; heading_tag_functionality=&#8221;default&#8221; title=&#8221;International Ski Areas&#8221;][vc_column_text]On the side, you can find links to several international ski areas. The list is by no means exhaustive, and we welcome links that you find interesting. Please send suggestions about interesting ski areas abroad to <a href=\"mailto:skidi@skidasvaedi.is\">skidi@skidasvaedi.is<\/a>.  <\/p>\n<ul>\n<li><a title=\"\" href=\"http:\/\/www.skiclub.co.uk\/skiclub\/default.asp\">Skiclub.co.uk (international)<\/a><\/li>\n<li><a title=\"\" href=\"http:\/\/www.skiinfo.no\/\">Skiinfo.no (international)<\/a><\/li>\n<li><a title=\"\" href=\"http:\/\/www.grandvalira.com\/gv\/home.aspx?lang=4&amp;section=&amp;page=\">Grandvalira (Andorra)<\/a><\/li>\n<li><a title=\"\" href=\"http:\/\/www.katschbergbahnen.at\/\">Katschberg (Austria)<\/a><\/li>\n<li><a title=\"\" href=\"http:\/\/www.kitzbuehel.com\/en\/\">Kitzb\u00fchel (Austria)<\/a><\/li>\n<li><a title=\"\" href=\"http:\/\/www.mayrhofen.at\/?L=1\">Mayrhofen (Austria)<\/a><\/li>\n<li><a title=\"\" href=\"http:\/\/www.stantonamarlberg.com\/winter\/ViewPage.asp?Site=STANTON2-WINTER&amp;PageID=206&amp;lang=201\">St. Anton (Austria)<\/a><\/li>\n<li><a title=\"\" href=\"http:\/\/www.planai.at\/index_en.php\">Schladming (Austria)<\/a><\/li>\n<li><a title=\"\" href=\"http:\/\/www.soelden.com\/\">S\u00f6lden (Austria)<\/a><\/li>\n<li><a title=\"\" href=\"http:\/\/www.tux.at\/en\/infos\/home.html\">Tux (Austria)<\/a><\/li>\n<li><a title=\"\" href=\"http:\/\/www.wagrain-info.at\/\">Wagrain (Austria)<\/a><\/li>\n<li><a title=\"\" href=\"http:\/\/www.aspensnowmass.com\/\">Aspen (United States)<\/a><\/li>\n<li><a title=\"\" href=\"http:\/\/www.parkcitymountain.com\/winter\/index.html\">Park City (United States)<\/a><\/li>\n<li><a title=\"\" href=\"http:\/\/www.visitsunvalley.com\/\">Sun Valley (United States)<\/a><\/li>\n<li><a title=\"\" href=\"http:\/\/www.chamonix.com\/page.php?page=0&amp;r=accueil&amp;ling=en\">Chamonix (France)<\/a><\/li>\n<li><a title=\"\" href=\"http:\/\/www.lesmenuires.com\/index_en.php\">Les Menuires (France)<\/a><\/li>\n<li><a title=\"\" href=\"http:\/\/www.valdisere.com\/gb\/index.php\">Val d&#8217;Is\u00e8re (France)<\/a><\/li>\n<li><a title=\"\" href=\"http:\/\/www.campiglio.com\/\">Madonna (Italy)<\/a><\/li>\n<li><a title=\"\" href=\"http:\/\/www.valgardena.it\/en\/\">Val Gardena (Italy)<\/a><\/li>\n<li><a title=\"\" href=\"http:\/\/english.norskespor.no\/\">Skiing in Norway<\/a><\/li>\n<li><a title=\"\" href=\"http:\/\/www.geilo.no\/en\/\">Geilo (Norway)<\/a><\/li>\n<li><a title=\"\" href=\"http:\/\/www.hemsedal.com\/\">Hemsedal (Norway)<\/a><\/li>\n<li><a title=\"\" href=\"http:\/\/bergbahnen.zermatt.ch\/e\/skigebiet\/\">Zermatt (Switzerland)<\/a><\/li>\n<li><a title=\"\" href=\"http:\/\/www.skistar.com\/are\/english\/\">\u00c5re (Sweden)<\/a><\/li>\n<\/ul>\n[\/vc_column_text][\/toggle][toggle color=&#8221;Default&#8221; heading_tag=&#8221;default&#8221; heading_tag_functionality=&#8221;default&#8221; title=&#8221;Siglufj\u00f6r\u00f0ur &#8211; Skar\u00f0sdalur&#8221;][vc_column_text]There are four ski lifts:<\/p>\n<p>The ski area starts at 200m altitude and reaches up to 650m.<br \/>The ski lodge located at the bottom of the area has toilets, and there are also toilets at Bunulift.<\/p>\n<p>Bottom lift, Doppelmayr plate lift, 430m long. Vertical drop 100m. Capacity 480 people per hour. Built 1988.<br \/>T-bar lift, also Doppelmayr, 1034m long. Vertical drop 220m. Capacity 720 people per hour.<br \/>Bungu lift, Doppelmayr plate lift, 530m long. Vertical drop 180m. Capacity 550 people per hour. Built 2001.<br \/>H\u00e1ls lift, Doppelmayr plate lift, 340m long. Vertical drop 100m. Capacity 500 people per hour. Built 2012.<br \/>Cross-country skiing facilities are at the Sports Center at H\u00f3ll. A 3km loop is groomed for the public on weekends. A trail up to S\u00falur is groomed,<br \/>approximately 4km loop. It&#8217;s fun to ski that loop and there&#8217;s a great view over the fjord.                  <\/p>\n<p>Phone: 467 1806<br \/>Answering machine: 878 3399<br \/><a href=\"mailto:skard@simnet.is\">skard@simnet.<\/a>is<br \/>www.skardsdalur.is[\/vc_column_text][\/toggle][toggle color=&#8221;Default&#8221; heading_tag=&#8221;default&#8221; heading_tag_functionality=&#8221;default&#8221; title=&#8221;Akureyri &#8211; Hl\u00ed\u00f0arfjall&#8221;][vc_column_text]Hl\u00ed\u00f0arfjall is a true skiing paradise right at the town&#8217;s doorstep. It offers excellent conditions for skiing and snowboarding. The lifts in the area can transport a total of 4,440 people per hour, with a continuous vertical drop of about 500 meters on the ski slopes.   <\/p>\n<p>The ski facilities were built between 1955-1964, with operations beginning in 1962. The lodge stands at 506 meters above sea level. Str\u00fdta stands at about 700 meters above sea level. There is a cafeteria and restrooms for visitors at Hl\u00ed\u00f0arfjall.   <\/p>\n<p>The Winter Sports Center of Iceland operates in Hl\u00ed\u00f0arfjall and was established in Akureyri through a confirmed partnership between the Ministry of Education, the Town of Akureyri, the Sports and Olympic Association of Iceland, and the Akureyri Sports Federation on March 18, 1998. <\/p>\n<p>Phone: 462 2280<br \/>Fax: 461 2030<br \/>Answering machine: 878 1515<br \/><a href=\"mailto:hlidarfjall@hlidarfjall.is\">hlidarfjall@hlidarfjall.is<\/a><br \/><a href=\"http:\/\/www.hlidarfjall.is\/\" target=\"_blank\" rel=\"noopener noreferrer\">http:\/\/www.hlidarfjall.is\/<\/a>[\/vc_column_text][\/toggle][\/toggles][\/vc_column][\/vc_row]\n","protected":false},"excerpt":{"rendered":"<p>[vc_row type=&#8221;in_container&#8221; full_screen_row_position=&#8221;middle&#8221; column_margin=&#8221;default&#8221; column_direction=&#8221;default&#8221; column_direction_tablet=&#8221;default&#8221; column_direction_phone=&#8221;default&#8221; scene_position=&#8221;center&#8221; text_color=&#8221;dark&#8221; text_align=&#8221;left&#8221; row_border_radius=&#8221;none&#8221; row_border_radius_applies=&#8221;bg&#8221; overflow=&#8221;visible&#8221; overlay_strength=&#8221;0.3&#8243; gradient_direction=&#8221;left_to_right&#8221; shape_divider_position=&#8221;bottom&#8221; bg_image_animation=&#8221;none&#8221;][vc_column column_padding=&#8221;no-extra-padding&#8221; column_padding_tablet=&#8221;inherit&#8221; column_padding_phone=&#8221;inherit&#8221; column_padding_position=&#8221;all&#8221; column_element_direction_desktop=&#8221;default&#8221; column_element_spacing=&#8221;default&#8221; desktop_text_alignment=&#8221;default&#8221; tablet_text_alignment=&#8221;default&#8221; phone_text_alignment=&#8221;default&#8221; background_color_opacity=&#8221;1&#8243; background_hover_color_opacity=&#8221;1&#8243; column_backdrop_filter=&#8221;none&#8221; column_shadow=&#8221;none&#8221;&#8230;<\/p>\n","protected":false},"author":2,"featured_media":0,"parent":25445,"menu_order":6,"comment_status":"closed","ping_status":"closed","template":"","meta":{"footnotes":""},"class_list":["post-27741","page","type-page","status-publish"],"_links":{"self":[{"href":"https:\/\/skidasvaedi.is\/en\/wp-json\/wp\/v2\/pages\/27741","targetHints":{"allow":["GET"]}}],"collection":[{"href":"https:\/\/skidasvaedi.is\/en\/wp-json\/wp\/v2\/pages"}],"about":[{"href":"https:\/\/skidasvaedi.is\/en\/wp-json\/wp\/v2\/types\/page"}],"author":[{"embeddable":true,"href":"https:\/\/skidasvaedi.is\/en\/wp-json\/wp\/v2\/users\/2"}],"replies":[{"embeddable":true,"href":"https:\/\/skidasvaedi.is\/en\/wp-json\/wp\/v2\/comments?post=27741"}],"version-history":[{"count":5,"href":"https:\/\/skidasvaedi.is\/en\/wp-json\/wp\/v2\/pages\/27741\/revisions"}],"predecessor-version":[{"id":28423,"href":"https:\/\/skidasvaedi.is\/en\/wp-json\/wp\/v2\/pages\/27741\/revisions\/28423"}],"up":[{"embeddable":true,"href":"https:\/\/skidasvaedi.is\/en\/wp-json\/wp\/v2\/pages\/25445"}],"wp:attachment":[{"href":"https:\/\/skidasvaedi.is\/en\/wp-json\/wp\/v2\/media?parent=27741"}],"curies":[{"name":"wp","href":"https:\/\/api.w.org\/{rel}","templated":true}]}}