
{"id":27762,"date":"2025-12-03T13:43:12","date_gmt":"2025-12-03T13:43:12","guid":{"rendered":"https:\/\/skidasvaedi.is\/openings-shortcode\/"},"modified":"2025-12-03T13:43:12","modified_gmt":"2025-12-03T13:43:12","slug":"openings-shortcode","status":"publish","type":"page","link":"https:\/\/skidasvaedi.is\/en\/openings-shortcode\/","title":{"rendered":"openings shortcode"},"content":{"rendered":"<div class=\"skidalyftur ski-small-margin skidalyftur-col3\"><h4>Heimatorfa<\/h4><ul class=\"list-opnanir\"><li leid=\"1\" class=\"closed hidden\" desc=\"Toglyfta\" lengd=\"596m\" fall=\"102m\" ferdatimi=\"\" erfidleikastig=\"\">Brettalyfta<\/li><li leid=\"2\" class=\"closed \" desc=\"\" lengd=\"1011m\" fall=\"214m\" ferdatimi=\"3:45 min\" erfidleikastig=\"\">Drottningin, 4 s\u00e6ta<\/li><li leid=\"3\" class=\"closed \" desc=\"\" lengd=\"762m\" fall=\"223m\" ferdatimi=\"\" erfidleikastig=\"\">K\u00f3ngurinn, 4 s\u00e6ta<\/li><li leid=\"4\" class=\"closed \" desc=\"Toglyfta\" lengd=\"231m\" fall=\"74m\" ferdatimi=\"\" erfidleikastig=\"\">Lilli klifurm\u00fas<\/li><li leid=\"5\" class=\"closed \" desc=\"Ka\u00f0allyfta\" lengd=\"100m\" fall=\"10m\" ferdatimi=\"\" erfidleikastig=\"\">Patti broddg\u00f6ltur<\/li><li leid=\"6\" class=\"closed \" desc=\"F\u00e6riband\" lengd=\"\" fall=\"\" ferdatimi=\"\" erfidleikastig=\"\">T\u00f6frateppi<\/li><li leid=\"7\" class=\"closed \" desc=\"Toglyfta\" lengd=\"199m\" fall=\"21m\" ferdatimi=\"\" erfidleikastig=\"\">Amma m\u00fas<\/li><li leid=\"8\" class=\"closed \" desc=\"Toglyfta\" lengd=\"293m\" fall=\"22m\" ferdatimi=\"\" erfidleikastig=\"\">H\u00e9rastubbur<\/li><li leid=\"15\" class=\"closed \" desc=\"\" lengd=\"\" fall=\"\" ferdatimi=\"\" erfidleikastig=\"\">Hringekja<\/li><li leid=\"ex2\" class=\"closed \" desc=\"\" lengd=\"\" fall=\"\" ferdatimi=\"\" erfidleikastig=\"\">Dew d\u00fdnan<\/li><li leid=\"ex3\" class=\"closed \" desc=\"\" lengd=\"\" fall=\"\" ferdatimi=\"\" erfidleikastig=\"\">P\u00fakinn Park<\/li><li leid=\"17\" class=\"closed \" desc=\"Sk\u00ed\u00f0alei\u00f0\" lengd=\"\" fall=\"\" ferdatimi=\"\" erfidleikastig=\"Erfitt\">K\u00f3ngsgil<\/li><li leid=\"16\" class=\"closed \" desc=\"Sk\u00ed\u00f0alei\u00f0\" lengd=\"\" fall=\"\" ferdatimi=\"\" erfidleikastig=\"Mi\u00f0lungs erfitt\">Nor\u00f0urlei\u00f0<\/li><li leid=\"18\" class=\"closed \" desc=\"Sk\u00ed\u00f0alei\u00f0\" lengd=\"\" fall=\"\" ferdatimi=\"\" erfidleikastig=\"Mi\u00f0lungs erfitt\">Nor\u00f0urlei\u00f0 fr\u00e1 Drottningu<\/li><li leid=\"19\" class=\"closed \" desc=\"Sk\u00ed\u00f0alei\u00f0\" lengd=\"\" fall=\"\" ferdatimi=\"\" erfidleikastig=\"Mi\u00f0lungs erfitt\">Nor\u00f0urlei\u00f0 fr\u00e1 K\u00f3ngi<\/li><\/ul><\/div><div class=\"skidalyftur ski-small-margin skidalyftur-col3\"><h4>Su\u00f0ursv\u00e6\u00f0i<\/h4><ul class=\"list-opnanir\"><li leid=\"9\" class=\"closed \" desc=\"Toglyfta\" lengd=\"90m\" fall=\"10m\" ferdatimi=\"\" erfidleikastig=\"\">Bangsadrengur<\/li><li leid=\"10\" class=\"closed \" desc=\"Toglyfta\" lengd=\"552m\" fall=\"91m\" ferdatimi=\"\" erfidleikastig=\"\">Mikki refur<\/li><li leid=\"11\" class=\"closed \" desc=\"Toglyfta\" lengd=\"281m\" fall=\"48m\" ferdatimi=\"\" erfidleikastig=\"\">Korm\u00e1kur afi<\/li><li leid=\"12\" class=\"closed \" desc=\"Toglyfta\" lengd=\"389m\" fall=\"106m\" ferdatimi=\"\" erfidleikastig=\"\">J\u00f3n Oddur<\/li><li leid=\"13\" class=\"closed \" desc=\"Toglyfta\" lengd=\"389m\" fall=\"106m\" ferdatimi=\"\" erfidleikastig=\"\">J\u00f3n Bjarni<\/li><li leid=\"14\" class=\"closed \" desc=\"\" lengd=\"442m\" fall=\"155m\" ferdatimi=\"1:56 min\" erfidleikastig=\"\">Gosinn, 4 s\u00e6ta<\/li><\/ul><\/div><div class=\"skidalyftur ski-small-margin skidalyftur-col3\"><h4>G\u00f6ngulei\u00f0ir<\/h4><ul class=\"list-opnanir\"><li leid=\"\" class=\"closed \" desc=\"\" lengd=\"\" fall=\"\" ferdatimi=\"\" erfidleikastig=\"\">Leiruhringur (1 km)<\/li><li leid=\"\" class=\"closed \" desc=\"\" lengd=\"\" fall=\"\" ferdatimi=\"\" erfidleikastig=\"\">Grunnbraut (2.5 km)<\/li><li leid=\"\" class=\"closed \" desc=\"\" lengd=\"\" fall=\"\" ferdatimi=\"\" erfidleikastig=\"\">Fimman (5 km)<\/li><li leid=\"\" class=\"closed \" desc=\"\" lengd=\"\" fall=\"\" ferdatimi=\"\" erfidleikastig=\"\">Strompahringur (6.5 km)<\/li><li leid=\"\" class=\"closed \" desc=\"\" lengd=\"\" fall=\"\" ferdatimi=\"\" erfidleikastig=\"\">Kerlingardalur (12 km)<\/li><\/ul><\/div><span style=\"display:block;clear:both;font-size:9px;color:rgba(0,0,0,0.5);\">Uppf\u00e6rt: 1\/5\/26 kl 00:00<\/span>\n","protected":false},"excerpt":{"rendered":"HeimatorfaBrettalyftaDrottningin, 4 s\u00e6taK\u00f3ngurinn, 4 s\u00e6taLilli klifurm\u00fasPatti broddg\u00f6lturT\u00f6frateppiAmma m\u00fasH\u00e9rastubburHringekjaDew d\u00fdnanP\u00fakinn ParkK\u00f3ngsgilNor\u00f0urlei\u00f0Nor\u00f0urlei\u00f0 fr\u00e1 DrottninguNor\u00f0urlei\u00f0 fr\u00e1 K\u00f3ngiSu\u00f0ursv\u00e6\u00f0iBangsadrengurMikki refurKorm\u00e1kur afiJ\u00f3n OddurJ\u00f3n BjarniGosinn, 4 s\u00e6taG\u00f6ngulei\u00f0irLeiruhringur (1 km)Grunnbraut (2.5 km)Fimman (5 km)Strompahringur (6.5 km)Kerlingardalur (12 km)Uppf\u00e6rt:...","protected":false},"author":5,"featured_media":0,"parent":0,"menu_order":0,"comment_status":"closed","ping_status":"closed","template":"","meta":{"footnotes":""},"class_list":["post-27762","page","type-page","status-publish"],"_links":{"self":[{"href":"https:\/\/skidasvaedi.is\/en\/wp-json\/wp\/v2\/pages\/27762","targetHints":{"allow":["GET"]}}],"collection":[{"href":"https:\/\/skidasvaedi.is\/en\/wp-json\/wp\/v2\/pages"}],"about":[{"href":"https:\/\/skidasvaedi.is\/en\/wp-json\/wp\/v2\/types\/page"}],"author":[{"embeddable":true,"href":"https:\/\/skidasvaedi.is\/en\/wp-json\/wp\/v2\/users\/5"}],"replies":[{"embeddable":true,"href":"https:\/\/skidasvaedi.is\/en\/wp-json\/wp\/v2\/comments?post=27762"}],"version-history":[{"count":0,"href":"https:\/\/skidasvaedi.is\/en\/wp-json\/wp\/v2\/pages\/27762\/revisions"}],"wp:attachment":[{"href":"https:\/\/skidasvaedi.is\/en\/wp-json\/wp\/v2\/media?parent=27762"}],"curies":[{"name":"wp","href":"https:\/\/api.w.org\/{rel}","templated":true}]}}